{"id":722,"date":"2025-11-11T13:47:44","date_gmt":"2025-11-11T12:47:44","guid":{"rendered":"https:\/\/www.mbgomezlawyers.com\/?page_id=722"},"modified":"2025-11-11T18:20:10","modified_gmt":"2025-11-11T17:20:10","slug":"abogados-internacionales-en-murcia","status":"publish","type":"page","link":"https:\/\/www.mbgomezlawyers.com\/fr\/abogados-internacionales-en-murcia\/","title":{"rendered":"Abogados internacionales en Murcia"},"content":{"rendered":"<div data-elementor-type=\"wp-page\" data-elementor-id=\"722\" class=\"elementor elementor-722\" data-elementor-post-type=\"page\">\n\t\t\t\t<div class=\"elementor-element elementor-element-4285f6c7 e-flex e-con-boxed e-con e-parent\" data-id=\"4285f6c7\" data-element_type=\"container\">\n\t\t\t\t\t<div class=\"e-con-inner\">\n\t\t\t\t<div class=\"elementor-element elementor-element-16509c29 elementor-widget elementor-widget-text-editor\" data-id=\"16509c29\" data-element_type=\"widget\" data-widget_type=\"text-editor.default\">\n\t\t\t\t<div class=\"elementor-widget-container\">\n\t\t\t\t\t\t\t\t\t<h1>\u00a0<\/h1><h1 class=\"ai-optimize-6 ai-optimize-introduction\"><span style=\"color: #333333;\">Abogados internacionales en Murcia<\/span><strong data-start=\"177\" data-end=\"197\"><b><br \/><\/b><\/strong><\/h1><p class=\"ai-optimize-6 ai-optimize-introduction\"><strong data-start=\"177\" data-end=\"197\">MB G\u00f3mez Abogados Lawyers<\/strong> es un <strong>despacho de abogados en Murcia<\/strong> especializada en ofrecer <strong>asesoramiento legal integral a clientes nacionales e internacionales<\/strong>. Nuestro equipo multiling\u00fce combina experiencia en derecho mercantil, civil, familiar e internacional, brindando soluciones jur\u00eddicas personalizadas tanto a empresas como a particulares. Con un enfoque cercano, eficaz y orientado a resultados, ayudamos a nuestros clientes a proteger sus intereses y alcanzar sus objetivos en Espa\u00f1a y en el extranjero. A continuaci\u00f3n te dejamos una serie de servicios que ofrecemos:<\/p><ul><li class=\"ai-optimize-8\" aria-level=\"1\"><a href=\"https:\/\/www.mbgomezlawyers.com\/fr\/despacho-internacional-de-abogados-en-murcia\/\"><b>Despacho internacional de abogados en Murcia<\/b><\/a><\/li><li class=\"ai-optimize-10\" aria-level=\"1\"><a href=\"https:\/\/www.mbgomezlawyers.com\/fr\/firma-de-abogados-en-murcia\/\"><b>Firma de abogados en Murcia<\/b><\/a><\/li><li class=\"ai-optimize-12\" aria-level=\"1\"><a href=\"https:\/\/www.mbgomezlawyers.com\/fr\/international-lawyers-murcia\/\"><b>International lawyers Murcia<\/b><\/a><b><\/b><b>\u00a0<\/b><\/li><li class=\"ai-optimize-14\" aria-level=\"1\"><a href=\"https:\/\/www.mbgomezlawyers.com\/fr\/abogado-para-clientes-internacionales-en-murcia\/\"><b>Abogado para clientes internacionales en Murcia<\/b><\/a><b>\u00a0<\/b><\/li><li class=\"ai-optimize-16\" aria-level=\"1\"><a href=\"https:\/\/www.mbgomezlawyers.com\/fr\/abogado-para-inversiones-inmobiliarias-murcia\/\"><b>Abogado para inversiones inmobiliarias Murcia<\/b><\/a><\/li><li class=\"ai-optimize-18\" aria-level=\"1\"><a href=\"https:\/\/www.mbgomezlawyers.com\/fr\/abogado-multilingue-en-murcia\/\"><b>Abogado multiling\u00fce en Murcia\u00a0<\/b><\/a><\/li><li class=\"ai-optimize-20\" aria-level=\"1\"><a href=\"https:\/\/www.mbgomezlawyers.com\/fr\/asesoria-legal-para-extranjeros-en-murcia\/\"><b>Asesor\u00eda legal para extranjeros Murcia\u00a0<\/b><\/a><\/li><\/ul><p class=\"ai-optimize-7\">Si est\u00e1s interesado en alguno de estos servicios, no dudes en ponerte en contacto con nosotros a trav\u00e9s del siguiente formulario:<\/p>\t\t\t\t\t\t\t\t<\/div>\n\t\t\t\t<\/div>\n\t\t\t\t\t<\/div>\n\t\t\t\t<\/div>\n\t\t\t\t<section class=\"elementor-section elementor-top-section elementor-element elementor-element-456f7394 elementor-section-boxed elementor-section-height-default elementor-section-height-default\" data-id=\"456f7394\" data-element_type=\"section\">\n\t\t\t\t\t\t<div class=\"elementor-container elementor-column-gap-default\">\n\t\t\t\t\t<div class=\"elementor-column elementor-col-50 elementor-top-column elementor-element elementor-element-5573836a\" data-id=\"5573836a\" data-element_type=\"column\" data-settings=\"{&quot;background_background&quot;:&quot;classic&quot;}\">\n\t\t\t<div class=\"elementor-widget-wrap elementor-element-populated\">\n\t\t\t\t\t\t<div class=\"elementor-element elementor-element-735cb52d elementor-invisible elementor-widget elementor-widget-heading\" data-id=\"735cb52d\" data-element_type=\"widget\" data-settings=\"{&quot;_animation&quot;:&quot;fadeInUp&quot;}\" data-widget_type=\"heading.default\">\n\t\t\t\t<div class=\"elementor-widget-container\">\n\t\t\t\t\t<h2 class=\"elementor-heading-title elementor-size-default\">Informations<\/h2>\t\t\t\t<\/div>\n\t\t\t\t<\/div>\n\t\t\t\t<div class=\"elementor-element elementor-element-4d92c8b8 elementor-widget elementor-widget-text-editor\" data-id=\"4d92c8b8\" data-element_type=\"widget\" data-widget_type=\"text-editor.default\">\n\t\t\t\t<div class=\"elementor-widget-container\">\n\t\t\t\t\t\t\t\t\t<p><span data-contrast=\"auto\">\u00c0 votre disposition avec des avocats internationaux pour vous assister comme vous le souhaitez. Choisissez l\u2019option qui correspond le mieux \u00e0 vos besoins et contactez-nous:<\/span><span data-ccp-props=\"{}\">\u00a0<\/span><\/p><p><span data-contrast=\"auto\">Avez-vous besoin de conseils juridiques?<\/span><span data-ccp-props=\"{}\">\u00a0<\/span><\/p><p><span data-contrast=\"auto\">Nous savons \u00e0 quel point il est frustrant de ne pas trouver de solutions rapides et efficaces \u00e0 vos probl\u00e8mes juridiques. Notre \u00e9quipe est pr\u00eate \u00e0 vous \u00e9couter, vous conseiller et vous accompagner.<\/span><\/p><p><span data-contrast=\"auto\">Anticipez les probl\u00e8mes et vivez sereinement.<\/span><\/p><p><span data-contrast=\"auto\">Nous vous aidons!<\/span><\/p>\t\t\t\t\t\t\t\t<\/div>\n\t\t\t\t<\/div>\n\t\t\t\t<div class=\"elementor-element elementor-element-bcccd12 elementor-widget elementor-widget-elementskit-header-info\" data-id=\"bcccd12\" data-element_type=\"widget\" data-widget_type=\"elementskit-header-info.default\">\n\t\t\t\t<div class=\"elementor-widget-container\">\n\t\t\t\t\t<div class=\"ekit-wid-con\" >        <ul class=\"ekit-header-info\">\n                                    <li>\n                            <a href=\"https:\/\/maps.app.goo.gl\/4hs6xQ9ThvW8FfUu7\" target=\"_blank\"> \n                                <i aria-hidden=\"true\" class=\"icon icon-map-marker\"><\/i>                                C. Poeta Cano Pato, 2, 30.009, Murcia (Espa\u00f1a)                            <\/a>\n                        <\/li>\n\n                            <\/ul>\n        <\/div>\t\t\t\t<\/div>\n\t\t\t\t<\/div>\n\t\t\t\t<div class=\"elementor-element elementor-element-747263d3 elementor-widget elementor-widget-elementskit-header-info\" data-id=\"747263d3\" data-element_type=\"widget\" data-widget_type=\"elementskit-header-info.default\">\n\t\t\t\t<div class=\"elementor-widget-container\">\n\t\t\t\t\t<div class=\"ekit-wid-con\" >        <ul class=\"ekit-header-info\">\n                                    <li>\n                            <a href=\"mailto:info@mbgomezlawyers.com\" target=\"_blank\"> \n                                <i aria-hidden=\"true\" class=\"jki jki-envelope2-light\"><\/i>                                info@mbgomezlawyers.com                            <\/a>\n                        <\/li>\n\n                            <\/ul>\n        <\/div>\t\t\t\t<\/div>\n\t\t\t\t<\/div>\n\t\t\t\t<div class=\"elementor-element elementor-element-234afbc4 elementor-widget elementor-widget-elementskit-header-info\" data-id=\"234afbc4\" data-element_type=\"widget\" data-widget_type=\"elementskit-header-info.default\">\n\t\t\t\t<div class=\"elementor-widget-container\">\n\t\t\t\t\t<div class=\"ekit-wid-con\" >        <ul class=\"ekit-header-info\">\n                                    <li>\n                            <a href=\"tel: 34649818363\" target=\"_blank\"> \n                                <i aria-hidden=\"true\" class=\"icon icon-phone-call\"><\/i>                                +34 649 81 83 63                            <\/a>\n                        <\/li>\n\n                            <\/ul>\n        <\/div>\t\t\t\t<\/div>\n\t\t\t\t<\/div>\n\t\t\t\t\t<\/div>\n\t\t<\/div>\n\t\t\t\t<div class=\"elementor-column elementor-col-50 elementor-top-column elementor-element elementor-element-33e257ea\" data-id=\"33e257ea\" data-element_type=\"column\">\n\t\t\t<div class=\"elementor-widget-wrap elementor-element-populated\">\n\t\t\t\t\t\t<div class=\"elementor-element elementor-element-d68742e elementor-invisible elementor-widget elementor-widget-heading\" data-id=\"d68742e\" data-element_type=\"widget\" data-settings=\"{&quot;_animation&quot;:&quot;fadeInUp&quot;}\" data-widget_type=\"heading.default\">\n\t\t\t\t<div class=\"elementor-widget-container\">\n\t\t\t\t\t<h2 class=\"elementor-heading-title elementor-size-default\">Formulaire de Contact<\/h2>\t\t\t\t<\/div>\n\t\t\t\t<\/div>\n\t\t\t\t<div class=\"elementor-element elementor-element-28928e0a elementor-invisible elementor-widget elementor-widget-heading\" data-id=\"28928e0a\" data-element_type=\"widget\" data-settings=\"{&quot;_animation&quot;:&quot;fadeInUp&quot;,&quot;_animation_delay&quot;:200}\" data-widget_type=\"heading.default\">\n\t\t\t\t<div class=\"elementor-widget-container\">\n\t\t\t\t\t<p class=\"elementor-heading-title elementor-size-default\">Remplissez le formulaire et nous vous contacterons imm\u00e9diatement<\/p>\t\t\t\t<\/div>\n\t\t\t\t<\/div>\n\t\t\t\t<div class=\"elementor-element elementor-element-6245b775 elementor-widget-divider--view-line elementor-invisible elementor-widget elementor-widget-divider\" data-id=\"6245b775\" data-element_type=\"widget\" data-settings=\"{&quot;_animation&quot;:&quot;fadeIn&quot;,&quot;_animation_delay&quot;:400}\" data-widget_type=\"divider.default\">\n\t\t\t\t<div class=\"elementor-widget-container\">\n\t\t\t\t\t\t\t<div class=\"elementor-divider\">\n\t\t\t<span class=\"elementor-divider-separator\">\n\t\t\t\t\t\t<\/span>\n\t\t<\/div>\n\t\t\t\t\t\t<\/div>\n\t\t\t\t<\/div>\n\t\t\t\t<div class=\"elementor-element elementor-element-430057bd elementor-button-align-stretch elementor-widget elementor-widget-form\" data-id=\"430057bd\" data-element_type=\"widget\" data-settings=\"{&quot;step_next_label&quot;:&quot;Next&quot;,&quot;step_previous_label&quot;:&quot;Previous&quot;,&quot;button_width&quot;:&quot;100&quot;,&quot;step_type&quot;:&quot;number_text&quot;,&quot;step_icon_shape&quot;:&quot;circle&quot;}\" data-widget_type=\"form.default\">\n\t\t\t\t<div class=\"elementor-widget-container\">\n\t\t\t\t\t\t\t<form class=\"elementor-form\" method=\"post\" name=\"New Form\" action=\"\">\n\t\t\t<input type=\"hidden\" name=\"post_id\" value=\"722\"\/>\n\t\t\t<input type=\"hidden\" name=\"form_id\" value=\"430057bd\"\/>\n\t\t\t<input type=\"hidden\" name=\"referer_title\" value=\"Abogados internacionales en Murcia - MB G\u00f3mez Abogados Lawyers\" \/>\n\n\t\t\t\t\t\t\t<input type=\"hidden\" name=\"queried_id\" value=\"722\"\/>\n\t\t\t\n\t\t\t<div class=\"elementor-form-fields-wrapper elementor-labels-\">\n\t\t\t\t\t\t\t\t<div class=\"elementor-field-type-text elementor-field-group elementor-column elementor-field-group-name elementor-col-50 elementor-field-required\">\n\t\t\t\t\t\t\t\t\t\t\t\t<label for=\"form-field-name\" class=\"elementor-field-label elementor-screen-only\">\n\t\t\t\t\t\t\t\tNom\t\t\t\t\t\t\t<\/label>\n\t\t\t\t\t\t\t\t\t\t\t\t\t\t<input size=\"1\" type=\"text\" name=\"form_fields[name]\" id=\"form-field-name\" class=\"elementor-field elementor-size-sm  elementor-field-textual\" placeholder=\"Nom\" required=\"required\" aria-required=\"true\">\n\t\t\t\t\t\t\t\t\t\t\t<\/div>\n\t\t\t\t\t\t\t\t<div class=\"elementor-field-type-text elementor-field-group elementor-column elementor-field-group-field_f5e8780 elementor-col-50\">\n\t\t\t\t\t\t\t\t\t\t\t\t<label for=\"form-field-field_f5e8780\" class=\"elementor-field-label elementor-screen-only\">\n\t\t\t\t\t\t\t\tT\u00e9l\u00e9phone\t\t\t\t\t\t\t<\/label>\n\t\t\t\t\t\t\t\t\t\t\t\t\t\t<input size=\"1\" type=\"text\" name=\"form_fields[field_f5e8780]\" id=\"form-field-field_f5e8780\" class=\"elementor-field elementor-size-sm  elementor-field-textual\" placeholder=\"T\u00e9l\u00e9phone\">\n\t\t\t\t\t\t\t\t\t\t\t<\/div>\n\t\t\t\t\t\t\t\t<div class=\"elementor-field-type-email elementor-field-group elementor-column elementor-field-group-email elementor-col-100 elementor-field-required\">\n\t\t\t\t\t\t\t\t\t\t\t\t<label for=\"form-field-email\" class=\"elementor-field-label elementor-screen-only\">\n\t\t\t\t\t\t\t\tEmail\t\t\t\t\t\t\t<\/label>\n\t\t\t\t\t\t\t\t\t\t\t\t\t\t<input size=\"1\" type=\"email\" name=\"form_fields[email]\" id=\"form-field-email\" class=\"elementor-field elementor-size-sm  elementor-field-textual\" placeholder=\"Email\" required=\"required\" aria-required=\"true\">\n\t\t\t\t\t\t\t\t\t\t\t<\/div>\n\t\t\t\t\t\t\t\t<div class=\"elementor-field-type-text elementor-field-group elementor-column elementor-field-group-field_f2a3332 elementor-col-50\">\n\t\t\t\t\t\t\t\t\t\t\t\t<label for=\"form-field-field_f2a3332\" class=\"elementor-field-label elementor-screen-only\">\n\t\t\t\t\t\t\t\tVille\t\t\t\t\t\t\t<\/label>\n\t\t\t\t\t\t\t\t\t\t\t\t\t\t<input size=\"1\" type=\"text\" name=\"form_fields[field_f2a3332]\" id=\"form-field-field_f2a3332\" class=\"elementor-field elementor-size-sm  elementor-field-textual\" placeholder=\"Ville\">\n\t\t\t\t\t\t\t\t\t\t\t<\/div>\n\t\t\t\t\t\t\t\t<div class=\"elementor-field-type-text elementor-field-group elementor-column elementor-field-group-field_cd05e1f elementor-col-50\">\n\t\t\t\t\t\t\t\t\t\t\t\t<label for=\"form-field-field_cd05e1f\" class=\"elementor-field-label elementor-screen-only\">\n\t\t\t\t\t\t\t\tPays\t\t\t\t\t\t\t<\/label>\n\t\t\t\t\t\t\t\t\t\t\t\t\t\t<input size=\"1\" type=\"text\" name=\"form_fields[field_cd05e1f]\" id=\"form-field-field_cd05e1f\" class=\"elementor-field elementor-size-sm  elementor-field-textual\" placeholder=\"Pays\">\n\t\t\t\t\t\t\t\t\t\t\t<\/div>\n\t\t\t\t\t\t\t\t<div class=\"elementor-field-type-text elementor-field-group elementor-column elementor-field-group-field_b72fc14 elementor-col-100\">\n\t\t\t\t\t\t\t\t\t\t\t\t<label for=\"form-field-field_b72fc14\" class=\"elementor-field-label elementor-screen-only\">\n\t\t\t\t\t\t\t\tObjet\t\t\t\t\t\t\t<\/label>\n\t\t\t\t\t\t\t\t\t\t\t\t\t\t<input size=\"1\" type=\"text\" name=\"form_fields[field_b72fc14]\" id=\"form-field-field_b72fc14\" class=\"elementor-field elementor-size-sm  elementor-field-textual\" placeholder=\"Objet\">\n\t\t\t\t\t\t\t\t\t\t\t<\/div>\n\t\t\t\t\t\t\t\t<div class=\"elementor-field-type-textarea elementor-field-group elementor-column elementor-field-group-message elementor-col-100 elementor-field-required\">\n\t\t\t\t\t\t\t\t\t\t\t\t<label for=\"form-field-message\" class=\"elementor-field-label elementor-screen-only\">\n\t\t\t\t\t\t\t\tMessage\t\t\t\t\t\t\t<\/label>\n\t\t\t\t\t\t<textarea class=\"elementor-field-textual elementor-field  elementor-size-sm\" name=\"form_fields[message]\" id=\"form-field-message\" rows=\"4\" placeholder=\"Message\" required=\"required\" aria-required=\"true\"><\/textarea>\t\t\t\t<\/div>\n\t\t\t\t\t\t\t\t<div class=\"elementor-field-type-acceptance elementor-field-group elementor-column elementor-field-group-field_6ffa1f5 elementor-col-100 elementor-field-required\">\n\t\t\t\t\t\t\t<div class=\"elementor-field-subgroup\">\n\t\t\t<span class=\"elementor-field-option\">\n\t\t\t\t<input type=\"checkbox\" name=\"form_fields[field_6ffa1f5]\" id=\"form-field-field_6ffa1f5\" class=\"elementor-field elementor-size-sm  elementor-acceptance-field\" required=\"required\" aria-required=\"true\">\n\t\t\t\t<label for=\"form-field-field_6ffa1f5\">J\u2019ai lu et j\u2019accepte les conditions de la <a target=\"_blank\" style=\"text-decoration:underline;color:#000\" href=\"..\/politica-de-privacidad\">Politique de confidentialit\u00e9<\/a><\/label>\t\t\t<\/span>\n\t\t<\/div>\n\t\t\t\t\t\t<\/div>\n\t\t\t\t\t\t\t\t<div class=\"elementor-field-type-html elementor-field-group elementor-column elementor-field-group-field_19ee38a elementor-col-100\">\n\t\t\t\t\t<span style=\"font-size: 11px;display: inline-block;line-height: 14px;text-align: justify;\">MB GOMEZ ABOGADOS \u2013 LAWYERS INTERMEDIACION S.L. traitera vos donn\u00e9es personnelles afin de r\u00e9pondre aux demandes soumises. Vous pouvez exercer vos droits d'acc\u00e8s, de rectification, de suppression et de portabilit\u00e9 de vos donn\u00e9es, ainsi que vos droits \u00e0 la limitation et \u00e0 l'opposition au traitement, et \u00e0 ne pas faire l'objet de d\u00e9cisions fond\u00e9es uniquement sur un traitement automatis\u00e9 de vos donn\u00e9es, lorsque cela s'applique, en nous contactant \u00e0 l'adresse info@mbgomezlawyers.com. Nous vous recommandons de lire la politique de confidentialit\u00e9 avant de nous fournir vos donn\u00e9es personnelles.<\/span>\t\t\t\t<\/div>\n\t\t\t\t\t\t\t\t<div class=\"elementor-field-group elementor-column elementor-field-type-submit elementor-col-100 e-form__buttons\">\n\t\t\t\t\t<button class=\"elementor-button elementor-size-sm\" type=\"submit\">\n\t\t\t\t\t\t<span class=\"elementor-button-content-wrapper\">\n\t\t\t\t\t\t\t\t\t\t\t\t\t\t\t\t\t\t\t\t\t\t<span class=\"elementor-button-text\">Envoyer<\/span>\n\t\t\t\t\t\t\t\t\t\t\t\t\t<\/span>\n\t\t\t\t\t<\/button>\n\t\t\t\t<\/div>\n\t\t\t<\/div>\n\t\t<input type=\"hidden\" name=\"trp-form-language\" value=\"fr\"\/><\/form>\n\t\t\t\t\t\t<\/div>\n\t\t\t\t<\/div>\n\t\t\t\t\t<\/div>\n\t\t<\/div>\n\t\t\t\t\t<\/div>\n\t\t<\/section>\n\t\t\t\t<\/div>","protected":false},"excerpt":{"rendered":"<p>\u00a0 Abogados internacionales en Murcia MB G\u00f3mez Abogados Lawyers es un despacho de abogados en Murcia especializada en ofrecer asesoramiento legal integral a clientes nacionales e internacionales. Nuestro equipo multiling\u00fce combina experiencia en derecho mercantil, civil, familiar e internacional, brindando soluciones jur\u00eddicas personalizadas tanto a empresas como a particulares. Con un enfoque cercano, eficaz y [&hellip;]<\/p>","protected":false},"author":1,"featured_media":0,"parent":0,"menu_order":0,"comment_status":"closed","ping_status":"closed","template":"","meta":{"footnotes":""},"class_list":["post-722","page","type-page","status-publish","hentry"],"yoast_head":"<!-- This site is optimized with the Yoast SEO Premium plugin v25.2 (Yoast SEO v25.2) - https:\/\/yoast.com\/wordpress\/plugins\/seo\/ -->\n<title>Abogados internacionales en Murcia - MB G\u00f3mez Abogados Lawyers<\/title>\n<meta name=\"robots\" content=\"index, follow, max-snippet:-1, max-image-preview:large, max-video-preview:-1\" \/>\n<link rel=\"canonical\" href=\"https:\/\/www.mbgomezlawyers.com\/fr\/abogados-internacionales-en-murcia\/\" \/>\n<meta property=\"og:locale\" content=\"fr_FR\" \/>\n<meta property=\"og:type\" content=\"article\" \/>\n<meta property=\"og:title\" content=\"Abogados internacionales en Murcia\" \/>\n<meta property=\"og:description\" content=\"\u00a0 Abogados internacionales en Murcia MB G\u00f3mez Abogados Lawyers es un despacho de abogados en Murcia especializada en ofrecer asesoramiento legal integral a clientes nacionales e internacionales. Nuestro equipo multiling\u00fce combina experiencia en derecho mercantil, civil, familiar e internacional, brindando soluciones jur\u00eddicas personalizadas tanto a empresas como a particulares. Con un enfoque cercano, eficaz y [&hellip;]\" \/>\n<meta property=\"og:url\" content=\"https:\/\/www.mbgomezlawyers.com\/fr\/abogados-internacionales-en-murcia\/\" \/>\n<meta property=\"og:site_name\" content=\"MB G\u00f3mez Abogados Lawyers\" \/>\n<meta property=\"article:modified_time\" content=\"2025-11-11T17:20:10+00:00\" \/>\n<meta name=\"twitter:card\" content=\"summary_large_image\" \/>\n<meta name=\"twitter:label1\" content=\"Dur\u00e9e de lecture estim\u00e9e\" \/>\n\t<meta name=\"twitter:data1\" content=\"2 minutes\" \/>\n<script type=\"application\/ld+json\" class=\"yoast-schema-graph\">{\"@context\":\"https:\/\/schema.org\",\"@graph\":[{\"@type\":\"WebPage\",\"@id\":\"https:\/\/www.mbgomezlawyers.com\/abogados-internacionales-en-murcia\/\",\"url\":\"https:\/\/www.mbgomezlawyers.com\/abogados-internacionales-en-murcia\/\",\"name\":\"Abogados internacionales en Murcia - MB G\u00f3mez Abogados Lawyers\",\"isPartOf\":{\"@id\":\"https:\/\/www.mbgomezlawyers.com\/es\/#website\"},\"datePublished\":\"2025-11-11T12:47:44+00:00\",\"dateModified\":\"2025-11-11T17:20:10+00:00\",\"breadcrumb\":{\"@id\":\"https:\/\/www.mbgomezlawyers.com\/abogados-internacionales-en-murcia\/#breadcrumb\"},\"inLanguage\":\"fr-FR\",\"potentialAction\":[{\"@type\":\"ReadAction\",\"target\":[\"https:\/\/www.mbgomezlawyers.com\/abogados-internacionales-en-murcia\/\"]}]},{\"@type\":\"BreadcrumbList\",\"@id\":\"https:\/\/www.mbgomezlawyers.com\/abogados-internacionales-en-murcia\/#breadcrumb\",\"itemListElement\":[{\"@type\":\"ListItem\",\"position\":1,\"name\":\"Portada\",\"item\":\"https:\/\/www.mbgomezlawyers.com\/\"},{\"@type\":\"ListItem\",\"position\":2,\"name\":\"Abogados internacionales en Murcia\"}]},{\"@type\":\"WebSite\",\"@id\":\"https:\/\/www.mbgomezlawyers.com\/es\/#website\",\"url\":\"https:\/\/www.mbgomezlawyers.com\/es\/\",\"name\":\"MB G\u00f3mez Abogados Lawyers\",\"description\":\"Despacho internacional de abogados\",\"publisher\":{\"@id\":\"https:\/\/www.mbgomezlawyers.com\/es\/#organization\"},\"potentialAction\":[{\"@type\":\"SearchAction\",\"target\":{\"@type\":\"EntryPoint\",\"urlTemplate\":\"https:\/\/www.mbgomezlawyers.com\/es\/?s={search_term_string}\"},\"query-input\":{\"@type\":\"PropertyValueSpecification\",\"valueRequired\":true,\"valueName\":\"search_term_string\"}}],\"inLanguage\":\"fr-FR\"},{\"@type\":\"Organization\",\"@id\":\"https:\/\/www.mbgomezlawyers.com\/es\/#organization\",\"name\":\"MB G\u00f3mez Abogados Lawyers\",\"url\":\"https:\/\/www.mbgomezlawyers.com\/es\/\",\"logo\":{\"@type\":\"ImageObject\",\"inLanguage\":\"fr-FR\",\"@id\":\"https:\/\/www.mbgomezlawyers.com\/es\/#\/schema\/logo\/image\/\",\"url\":\"https:\/\/www.mbgomezlawyers.com\/wp-content\/uploads\/logo.png\",\"contentUrl\":\"https:\/\/www.mbgomezlawyers.com\/wp-content\/uploads\/logo.png\",\"width\":373,\"height\":373,\"caption\":\"MB G\u00f3mez Abogados Lawyers\"},\"image\":{\"@id\":\"https:\/\/www.mbgomezlawyers.com\/es\/#\/schema\/logo\/image\/\"}}]}<\/script>\n<!-- \/ Yoast SEO Premium plugin. -->","yoast_head_json":{"title":"Abogados internacionales en Murcia - MB G\u00f3mez Abogados Lawyers","robots":{"index":"index","follow":"follow","max-snippet":"max-snippet:-1","max-image-preview":"max-image-preview:large","max-video-preview":"max-video-preview:-1"},"canonical":"https:\/\/www.mbgomezlawyers.com\/fr\/abogados-internacionales-en-murcia\/","og_locale":"fr_FR","og_type":"article","og_title":"Abogados internacionales en Murcia","og_description":"\u00a0 Abogados internacionales en Murcia MB G\u00f3mez Abogados Lawyers es un despacho de abogados en Murcia especializada en ofrecer asesoramiento legal integral a clientes nacionales e internacionales. Nuestro equipo multiling\u00fce combina experiencia en derecho mercantil, civil, familiar e internacional, brindando soluciones jur\u00eddicas personalizadas tanto a empresas como a particulares. Con un enfoque cercano, eficaz y [&hellip;]","og_url":"https:\/\/www.mbgomezlawyers.com\/fr\/abogados-internacionales-en-murcia\/","og_site_name":"MB G\u00f3mez Abogados Lawyers","article_modified_time":"2025-11-11T17:20:10+00:00","twitter_card":"summary_large_image","twitter_misc":{"Dur\u00e9e de lecture estim\u00e9e":"2 minutes"},"schema":{"@context":"https:\/\/schema.org","@graph":[{"@type":"WebPage","@id":"https:\/\/www.mbgomezlawyers.com\/abogados-internacionales-en-murcia\/","url":"https:\/\/www.mbgomezlawyers.com\/abogados-internacionales-en-murcia\/","name":"Abogados internacionales en Murcia - MB G\u00f3mez Abogados Lawyers","isPartOf":{"@id":"https:\/\/www.mbgomezlawyers.com\/es\/#website"},"datePublished":"2025-11-11T12:47:44+00:00","dateModified":"2025-11-11T17:20:10+00:00","breadcrumb":{"@id":"https:\/\/www.mbgomezlawyers.com\/abogados-internacionales-en-murcia\/#breadcrumb"},"inLanguage":"fr-FR","potentialAction":[{"@type":"ReadAction","target":["https:\/\/www.mbgomezlawyers.com\/abogados-internacionales-en-murcia\/"]}]},{"@type":"BreadcrumbList","@id":"https:\/\/www.mbgomezlawyers.com\/abogados-internacionales-en-murcia\/#breadcrumb","itemListElement":[{"@type":"ListItem","position":1,"name":"Portada","item":"https:\/\/www.mbgomezlawyers.com\/"},{"@type":"ListItem","position":2,"name":"Abogados internacionales en Murcia"}]},{"@type":"WebSite","@id":"https:\/\/www.mbgomezlawyers.com\/es\/#website","url":"https:\/\/www.mbgomezlawyers.com\/es\/","name":"MB G\u00f3mez Abogados Lawyers","description":"Despacho internacional de abogados","publisher":{"@id":"https:\/\/www.mbgomezlawyers.com\/es\/#organization"},"potentialAction":[{"@type":"SearchAction","target":{"@type":"EntryPoint","urlTemplate":"https:\/\/www.mbgomezlawyers.com\/es\/?s={search_term_string}"},"query-input":{"@type":"PropertyValueSpecification","valueRequired":true,"valueName":"search_term_string"}}],"inLanguage":"fr-FR"},{"@type":"Organization","@id":"https:\/\/www.mbgomezlawyers.com\/es\/#organization","name":"MB G\u00f3mez Abogados Lawyers","url":"https:\/\/www.mbgomezlawyers.com\/es\/","logo":{"@type":"ImageObject","inLanguage":"fr-FR","@id":"https:\/\/www.mbgomezlawyers.com\/es\/#\/schema\/logo\/image\/","url":"https:\/\/www.mbgomezlawyers.com\/wp-content\/uploads\/logo.png","contentUrl":"https:\/\/www.mbgomezlawyers.com\/wp-content\/uploads\/logo.png","width":373,"height":373,"caption":"MB G\u00f3mez Abogados Lawyers"},"image":{"@id":"https:\/\/www.mbgomezlawyers.com\/es\/#\/schema\/logo\/image\/"}}]}},"_links":{"self":[{"href":"https:\/\/www.mbgomezlawyers.com\/fr\/wp-json\/wp\/v2\/pages\/722","targetHints":{"allow":["GET"]}}],"collection":[{"href":"https:\/\/www.mbgomezlawyers.com\/fr\/wp-json\/wp\/v2\/pages"}],"about":[{"href":"https:\/\/www.mbgomezlawyers.com\/fr\/wp-json\/wp\/v2\/types\/page"}],"author":[{"embeddable":true,"href":"https:\/\/www.mbgomezlawyers.com\/fr\/wp-json\/wp\/v2\/users\/1"}],"replies":[{"embeddable":true,"href":"https:\/\/www.mbgomezlawyers.com\/fr\/wp-json\/wp\/v2\/comments?post=722"}],"version-history":[{"count":2,"href":"https:\/\/www.mbgomezlawyers.com\/fr\/wp-json\/wp\/v2\/pages\/722\/revisions"}],"predecessor-version":[{"id":812,"href":"https:\/\/www.mbgomezlawyers.com\/fr\/wp-json\/wp\/v2\/pages\/722\/revisions\/812"}],"wp:attachment":[{"href":"https:\/\/www.mbgomezlawyers.com\/fr\/wp-json\/wp\/v2\/media?parent=722"}],"curies":[{"name":"wp","href":"https:\/\/api.w.org\/{rel}","templated":true}]}}