{"id":141,"date":"2025-05-14T08:59:38","date_gmt":"2025-05-14T06:59:38","guid":{"rendered":"https:\/\/www.mbgomezlawyers.com\/?page_id=141"},"modified":"2025-06-06T08:59:09","modified_gmt":"2025-06-06T06:59:09","slug":"accesibilidad","status":"publish","type":"page","link":"https:\/\/www.mbgomezlawyers.com\/fr\/accesibilidad\/","title":{"rendered":"Accessibilit\u00e9"},"content":{"rendered":"<p class=\"ai-optimize-6 ai-optimize-introduction\">MB GOMEZ ABOGADOS \u2013 LAWYERS INTERMEDIACION S.L. (Empresa despacho de abogados internacional) se ha comprometido a hacer accesible su sitio web de conformidad con las Pautas de Accesibilidad Web: WCAG 2.1 nivel AA.<\/p>\n<p class=\"ai-optimize-7\">La presente declaraci\u00f3n de accesibilidad se aplica al sitio web https:\/\/www.mbgomezlawyers.com\/<\/p>\n<h2 class=\"wp-block-heading ai-optimize-8\">Situaci\u00f3n de cumplimiento<\/h2>\n<p class=\"ai-optimize-9\">Este sitio web es parcialmente conforme con las Pautas de Accesibilidad Web: WCAG 2.1 en su nivel AA, debido a las excepciones que se indican en observaciones.<\/p>\n<h2 class=\"wp-block-heading ai-optimize-10\">Preparaci\u00f3n de la presente declaraci\u00f3n de accesibilidad<\/h2>\n<p class=\"ai-optimize-11\">La presente declaraci\u00f3n de accesibilidad fue preparada el 4 de junio de 2025.<\/p>\n<p class=\"ai-optimize-12\">El m\u00e9todo empleado para preparar la declaraci\u00f3n ha sido la auditor\u00eda manual interna.<\/p>\n<h2 class=\"wp-block-heading ai-optimize-13\">Observaciones y datos de contacto<\/h2>\n<p class=\"ai-optimize-14\">Los siguientes sitios web quedan fuera de la presente declaraci\u00f3n:<\/p>\n<p class=\"ai-optimize-23\">https:\/\/www.mbgomezlawyers.com\/es\/noticias\/<\/p>\n<p class=\"ai-optimize-16\">Puede realizar comunicaciones sobre requisitos de accesibilidad en:<\/p>\n<p class=\"ai-optimize-17\">El correo electr\u00f3nico: info@mbgomezlawyers.com<\/p>\n<p class=\"ai-optimize-18\">En el tel\u00e9fono 649 81 83 63<\/p>\n<p class=\"ai-optimize-19\">Si quiere presentar una solicitud de informaci\u00f3n accesible o queja, debe concretar, con toda claridad, los hechos, razones y petici\u00f3n que permitan constatar que se trata de una solicitud razonable y leg\u00edtima.<\/p>\n<h2 class=\"wp-block-heading ai-optimize-20\">CONTENIDO OPCIONAL<\/h2>\n<p class=\"ai-optimize-21\">MB GOMEZ ABOGADOS \u2013 LAWYERS INTERMEDIACION S.L. se preocupa por la accesibilidad web m\u00e1s all\u00e1 del cumplimiento requerido por el Kit Digital, por ello implementar\u00e1 mejoras de accesibilidad en una futura fase en las URLs que han quedado fuera de este informe.<\/p>\n<p class=\"ai-optimize-22\">La auditor\u00eda y presente declaraci\u00f3n de accesibilidad ha sido realizada por una auditor\u00eda manual interna.<\/p>","protected":false},"excerpt":{"rendered":"<p>MB GOMEZ ABOGADOS \u2013 LAWYERS INTERMEDIACION S.L. (Empresa despacho de abogados internacional) se ha comprometido a hacer accesible su sitio web de conformidad con las Pautas de Accesibilidad Web: WCAG 2.1 nivel AA. La presente declaraci\u00f3n de accesibilidad se aplica al sitio web https:\/\/www.mbgomezlawyers.com\/ Situaci\u00f3n de cumplimiento Este sitio web es parcialmente conforme con las [&hellip;]<\/p>","protected":false},"author":1,"featured_media":0,"parent":0,"menu_order":0,"comment_status":"closed","ping_status":"closed","template":"","meta":{"footnotes":""},"class_list":["post-141","page","type-page","status-publish","hentry"],"yoast_head":"<!-- This site is optimized with the Yoast SEO Premium plugin v25.2 (Yoast SEO v25.2) - https:\/\/yoast.com\/wordpress\/plugins\/seo\/ -->\n<title>Accesibilidad - MB G\u00f3mez Abogados Lawyers<\/title>\n<meta name=\"robots\" content=\"index, follow, max-snippet:-1, max-image-preview:large, max-video-preview:-1\" \/>\n<link rel=\"canonical\" href=\"https:\/\/www.mbgomezlawyers.com\/fr\/accesibilidad\/\" \/>\n<meta property=\"og:locale\" content=\"fr_FR\" \/>\n<meta property=\"og:type\" content=\"article\" \/>\n<meta property=\"og:title\" content=\"Accesibilidad\" \/>\n<meta property=\"og:description\" content=\"MB GOMEZ ABOGADOS \u2013 LAWYERS INTERMEDIACION S.L. (Empresa despacho de abogados internacional) se ha comprometido a hacer accesible su sitio web de conformidad con las Pautas de Accesibilidad Web: WCAG 2.1 nivel AA. La presente declaraci\u00f3n de accesibilidad se aplica al sitio web https:\/\/www.mbgomezlawyers.com\/ Situaci\u00f3n de cumplimiento Este sitio web es parcialmente conforme con las [&hellip;]\" \/>\n<meta property=\"og:url\" content=\"https:\/\/www.mbgomezlawyers.com\/fr\/accesibilidad\/\" \/>\n<meta property=\"og:site_name\" content=\"MB G\u00f3mez Abogados Lawyers\" \/>\n<meta property=\"article:modified_time\" content=\"2025-06-06T06:59:09+00:00\" \/>\n<meta name=\"twitter:card\" content=\"summary_large_image\" \/>\n<meta name=\"twitter:label1\" content=\"Dur\u00e9e de lecture estim\u00e9e\" \/>\n\t<meta name=\"twitter:data1\" content=\"2 minutes\" \/>\n<script type=\"application\/ld+json\" class=\"yoast-schema-graph\">{\"@context\":\"https:\/\/schema.org\",\"@graph\":[{\"@type\":\"WebPage\",\"@id\":\"https:\/\/www.mbgomezlawyers.com\/accesibilidad\/\",\"url\":\"https:\/\/www.mbgomezlawyers.com\/accesibilidad\/\",\"name\":\"Accesibilidad - MB G\u00f3mez Abogados Lawyers\",\"isPartOf\":{\"@id\":\"https:\/\/www.mbgomezlawyers.com\/es\/#website\"},\"datePublished\":\"2025-05-14T06:59:38+00:00\",\"dateModified\":\"2025-06-06T06:59:09+00:00\",\"breadcrumb\":{\"@id\":\"https:\/\/www.mbgomezlawyers.com\/accesibilidad\/#breadcrumb\"},\"inLanguage\":\"fr-FR\",\"potentialAction\":[{\"@type\":\"ReadAction\",\"target\":[\"https:\/\/www.mbgomezlawyers.com\/accesibilidad\/\"]}]},{\"@type\":\"BreadcrumbList\",\"@id\":\"https:\/\/www.mbgomezlawyers.com\/accesibilidad\/#breadcrumb\",\"itemListElement\":[{\"@type\":\"ListItem\",\"position\":1,\"name\":\"Portada\",\"item\":\"https:\/\/www.mbgomezlawyers.com\/\"},{\"@type\":\"ListItem\",\"position\":2,\"name\":\"Accesibilidad\"}]},{\"@type\":\"WebSite\",\"@id\":\"https:\/\/www.mbgomezlawyers.com\/es\/#website\",\"url\":\"https:\/\/www.mbgomezlawyers.com\/es\/\",\"name\":\"MB G\u00f3mez Abogados Lawyers\",\"description\":\"Despacho internacional de abogados\",\"publisher\":{\"@id\":\"https:\/\/www.mbgomezlawyers.com\/es\/#organization\"},\"potentialAction\":[{\"@type\":\"SearchAction\",\"target\":{\"@type\":\"EntryPoint\",\"urlTemplate\":\"https:\/\/www.mbgomezlawyers.com\/es\/?s={search_term_string}\"},\"query-input\":{\"@type\":\"PropertyValueSpecification\",\"valueRequired\":true,\"valueName\":\"search_term_string\"}}],\"inLanguage\":\"fr-FR\"},{\"@type\":\"Organization\",\"@id\":\"https:\/\/www.mbgomezlawyers.com\/es\/#organization\",\"name\":\"MB G\u00f3mez Abogados Lawyers\",\"url\":\"https:\/\/www.mbgomezlawyers.com\/es\/\",\"logo\":{\"@type\":\"ImageObject\",\"inLanguage\":\"fr-FR\",\"@id\":\"https:\/\/www.mbgomezlawyers.com\/es\/#\/schema\/logo\/image\/\",\"url\":\"https:\/\/www.mbgomezlawyers.com\/wp-content\/uploads\/logo.png\",\"contentUrl\":\"https:\/\/www.mbgomezlawyers.com\/wp-content\/uploads\/logo.png\",\"width\":373,\"height\":373,\"caption\":\"MB G\u00f3mez Abogados Lawyers\"},\"image\":{\"@id\":\"https:\/\/www.mbgomezlawyers.com\/es\/#\/schema\/logo\/image\/\"}}]}<\/script>\n<!-- \/ Yoast SEO Premium plugin. -->","yoast_head_json":{"title":"Accesibilidad - MB G\u00f3mez Abogados Lawyers","robots":{"index":"index","follow":"follow","max-snippet":"max-snippet:-1","max-image-preview":"max-image-preview:large","max-video-preview":"max-video-preview:-1"},"canonical":"https:\/\/www.mbgomezlawyers.com\/fr\/accesibilidad\/","og_locale":"fr_FR","og_type":"article","og_title":"Accesibilidad","og_description":"MB GOMEZ ABOGADOS \u2013 LAWYERS INTERMEDIACION S.L. (Empresa despacho de abogados internacional) se ha comprometido a hacer accesible su sitio web de conformidad con las Pautas de Accesibilidad Web: WCAG 2.1 nivel AA. La presente declaraci\u00f3n de accesibilidad se aplica al sitio web https:\/\/www.mbgomezlawyers.com\/ Situaci\u00f3n de cumplimiento Este sitio web es parcialmente conforme con las [&hellip;]","og_url":"https:\/\/www.mbgomezlawyers.com\/fr\/accesibilidad\/","og_site_name":"MB G\u00f3mez Abogados Lawyers","article_modified_time":"2025-06-06T06:59:09+00:00","twitter_card":"summary_large_image","twitter_misc":{"Dur\u00e9e de lecture estim\u00e9e":"2 minutes"},"schema":{"@context":"https:\/\/schema.org","@graph":[{"@type":"WebPage","@id":"https:\/\/www.mbgomezlawyers.com\/accesibilidad\/","url":"https:\/\/www.mbgomezlawyers.com\/accesibilidad\/","name":"Accesibilidad - MB G\u00f3mez Abogados Lawyers","isPartOf":{"@id":"https:\/\/www.mbgomezlawyers.com\/es\/#website"},"datePublished":"2025-05-14T06:59:38+00:00","dateModified":"2025-06-06T06:59:09+00:00","breadcrumb":{"@id":"https:\/\/www.mbgomezlawyers.com\/accesibilidad\/#breadcrumb"},"inLanguage":"fr-FR","potentialAction":[{"@type":"ReadAction","target":["https:\/\/www.mbgomezlawyers.com\/accesibilidad\/"]}]},{"@type":"BreadcrumbList","@id":"https:\/\/www.mbgomezlawyers.com\/accesibilidad\/#breadcrumb","itemListElement":[{"@type":"ListItem","position":1,"name":"Portada","item":"https:\/\/www.mbgomezlawyers.com\/"},{"@type":"ListItem","position":2,"name":"Accesibilidad"}]},{"@type":"WebSite","@id":"https:\/\/www.mbgomezlawyers.com\/es\/#website","url":"https:\/\/www.mbgomezlawyers.com\/es\/","name":"MB G\u00f3mez Abogados Lawyers","description":"Despacho internacional de abogados","publisher":{"@id":"https:\/\/www.mbgomezlawyers.com\/es\/#organization"},"potentialAction":[{"@type":"SearchAction","target":{"@type":"EntryPoint","urlTemplate":"https:\/\/www.mbgomezlawyers.com\/es\/?s={search_term_string}"},"query-input":{"@type":"PropertyValueSpecification","valueRequired":true,"valueName":"search_term_string"}}],"inLanguage":"fr-FR"},{"@type":"Organization","@id":"https:\/\/www.mbgomezlawyers.com\/es\/#organization","name":"MB G\u00f3mez Abogados Lawyers","url":"https:\/\/www.mbgomezlawyers.com\/es\/","logo":{"@type":"ImageObject","inLanguage":"fr-FR","@id":"https:\/\/www.mbgomezlawyers.com\/es\/#\/schema\/logo\/image\/","url":"https:\/\/www.mbgomezlawyers.com\/wp-content\/uploads\/logo.png","contentUrl":"https:\/\/www.mbgomezlawyers.com\/wp-content\/uploads\/logo.png","width":373,"height":373,"caption":"MB G\u00f3mez Abogados Lawyers"},"image":{"@id":"https:\/\/www.mbgomezlawyers.com\/es\/#\/schema\/logo\/image\/"}}]}},"_links":{"self":[{"href":"https:\/\/www.mbgomezlawyers.com\/fr\/wp-json\/wp\/v2\/pages\/141","targetHints":{"allow":["GET"]}}],"collection":[{"href":"https:\/\/www.mbgomezlawyers.com\/fr\/wp-json\/wp\/v2\/pages"}],"about":[{"href":"https:\/\/www.mbgomezlawyers.com\/fr\/wp-json\/wp\/v2\/types\/page"}],"author":[{"embeddable":true,"href":"https:\/\/www.mbgomezlawyers.com\/fr\/wp-json\/wp\/v2\/users\/1"}],"replies":[{"embeddable":true,"href":"https:\/\/www.mbgomezlawyers.com\/fr\/wp-json\/wp\/v2\/comments?post=141"}],"version-history":[{"count":2,"href":"https:\/\/www.mbgomezlawyers.com\/fr\/wp-json\/wp\/v2\/pages\/141\/revisions"}],"predecessor-version":[{"id":667,"href":"https:\/\/www.mbgomezlawyers.com\/fr\/wp-json\/wp\/v2\/pages\/141\/revisions\/667"}],"wp:attachment":[{"href":"https:\/\/www.mbgomezlawyers.com\/fr\/wp-json\/wp\/v2\/media?parent=141"}],"curies":[{"name":"wp","href":"https:\/\/api.w.org\/{rel}","templated":true}]}}